{"id":1028,"date":"2020-12-17T10:24:34","date_gmt":"2020-12-17T10:24:34","guid":{"rendered":"https:\/\/www.balticroad.eu\/?post_type=product&#038;p=1028"},"modified":"2025-06-20T13:34:37","modified_gmt":"2025-06-20T13:34:37","slug":"japan-sencha-fukuyu","status":"publish","type":"product","link":"https:\/\/www.balticroad.eu\/et\/toode\/japan-sencha-fukuyu\/","title":{"rendered":"Japan Sencha Fukuyu"},"content":{"rendered":"<div class=\"productDescription\">\n<h2>Tootekirjeldus \/ Product Description:<\/h2>\n<p>Fukujyu on Sencha, mis t\u00f5lkes t\u00e4hendab aurutatud teed. Aurutamine peatab k\u00e4\u00e4rimise ja s\u00e4ilitab seel\u00e4bi lehtede rohelise v\u00e4rvuse. Selle tassi v\u00e4rvus on hele oliivroheline. Maitse on kergelt hapukas ja v\u00e4rske, kergelt k\u00f5rrelise noodiga.<\/p>\n<p>Fukujyu is a Sencha, which translates as steamed tea. Steaming stops the fermentation and thus preserves the green leaf colour. Its cup colour is a light olive green. The taste is slightly tart and fresh with a slightly grassy note..<\/p>\n<h2><span style=\"font-size: 12pt;\">One of Japan\u2019s most popular natural leaf teas<\/span><\/h2>\n<\/div>\n<div class=\"productDescription\">\n<ul>\n<li style=\"list-style-type: none;\">\n<ul>\n<li>This harvested Sencha was steamed to prevent fermentation.<br \/>\nThe taste reminds of seaweed and has a slightly tart, distinct<br \/>\nand fresh note, the cup is a light olive.<\/li>\n<\/ul>\n<\/li>\n<\/ul>\n<p>&nbsp;<\/p>\n<p><strong>Koostisosad \/ Ingredients: Sencha<\/strong><\/p>\n<p>&nbsp;<\/p>\n<ul>\n<li><strong>Ettevalmistus \/ Preparation<\/strong>:<\/li>\n<li>2 g \/ 200 ml umbes 90\u00b0C kuuma vett, infusiooniaeg 2 kuni 3 minutit.<\/li>\n<li>2 g \/ 200 ml of about 90\u00b0 C hot water, 2 to 3 minutes infusion time.<\/li>\n<\/ul>\n<\/div>\n<p>&nbsp;<\/p>","protected":false},"excerpt":{"rendered":"<p>Tootekirjeldus \/ Product Description: Fukujyu on Sencha, mis t\u00f5lkes t\u00e4hendab aurutatud teed. Aurutamine peatab k\u00e4\u00e4rimise ja s\u00e4ilitab seel\u00e4bi lehtede rohelise v\u00e4rvuse. Selle tassi v\u00e4rvus on hele oliivroheline. Maitse on kergelt hapukas ja v\u00e4rske, kergelt k\u00f5rrelise noodiga. Fukujyu is a Sencha, which translates as steamed tea. Steaming stops the fermentation and thus preserves the green leaf [&#8230;]\n","protected":false},"featured_media":1029,"comment_status":"open","ping_status":"closed","template":"","meta":[],"product_brand":[],"product_cat":[92,68],"product_tag":[],"class_list":{"0":"post-1028","1":"product","2":"type-product","3":"status-publish","4":"has-post-thumbnail","6":"product_cat-green-tea","7":"product_cat-tea","9":"first","10":"instock","11":"taxable","12":"shipping-taxable","13":"purchasable","14":"product-type-variable"},"_links":{"self":[{"href":"https:\/\/www.balticroad.eu\/et\/wp-json\/wp\/v2\/product\/1028","targetHints":{"allow":["GET"]}}],"collection":[{"href":"https:\/\/www.balticroad.eu\/et\/wp-json\/wp\/v2\/product"}],"about":[{"href":"https:\/\/www.balticroad.eu\/et\/wp-json\/wp\/v2\/types\/product"}],"replies":[{"embeddable":true,"href":"https:\/\/www.balticroad.eu\/et\/wp-json\/wp\/v2\/comments?post=1028"}],"wp:featuredmedia":[{"embeddable":true,"href":"https:\/\/www.balticroad.eu\/et\/wp-json\/wp\/v2\/media\/1029"}],"wp:attachment":[{"href":"https:\/\/www.balticroad.eu\/et\/wp-json\/wp\/v2\/media?parent=1028"}],"wp:term":[{"taxonomy":"product_brand","embeddable":true,"href":"https:\/\/www.balticroad.eu\/et\/wp-json\/wp\/v2\/product_brand?post=1028"},{"taxonomy":"product_cat","embeddable":true,"href":"https:\/\/www.balticroad.eu\/et\/wp-json\/wp\/v2\/product_cat?post=1028"},{"taxonomy":"product_tag","embeddable":true,"href":"https:\/\/www.balticroad.eu\/et\/wp-json\/wp\/v2\/product_tag?post=1028"}],"curies":[{"name":"wp","href":"https:\/\/api.w.org\/{rel}","templated":true}]}}