{"id":1026,"date":"2020-12-17T10:22:27","date_gmt":"2020-12-17T10:22:27","guid":{"rendered":"https:\/\/www.balticroad.eu\/?post_type=product&#038;p=1026"},"modified":"2025-06-20T13:36:08","modified_gmt":"2025-06-20T13:36:08","slug":"jaapani-tuntud-ja-kvaliteetne-roheline-tee-kukicha","status":"publish","type":"product","link":"https:\/\/www.balticroad.eu\/et\/toode\/jaapani-tuntud-ja-kvaliteetne-roheline-tee-kukicha\/","title":{"rendered":"Jaapani tuntud ja kvaliteetne roheline tee Kukicha"},"content":{"rendered":"<h2>Tootekirjeldus \/ Product Description:<\/h2>\n<p>See Kukicha, mida peetakse Jaapanis v\u00e4ga populaarseks, kuid k\u00f5rgekvaliteediliseks teeks, on n\u00fc\u00fcd saadaval mahep\u00f5llumajanduslikult kasvatatud teena. Selle kvaliteedi saavutamiseks t\u00f6\u00f6deldakse peamiselt peeneid lehti ja segatakse Senchaga. \u00d5rnad helerohelised \u201cvarred\u201d loovad imelise efekti segatuna tumeroheliste Sencha lehtedega. Meie maitses on tunda peenelt kokkut\u00f5mbavat, meeldivat v\u00fcrtsikat nooti, mis meenutab tugevalt Jaapani Senchat. Tassi v\u00e4rvus on sidrunikollane ja heleroheline infusioon annab t\u00e4idlase, v\u00fcrtsika aroomi.<\/p>\n<p>This Kukicha, which in Japan is considered a very popular, yet high grade tea, is now available as an organically grown quality. To obtain this quality, primarily the fine petioles are processed and blended with a Sencha. The delicate, light green \u201cstems\u201d create a wonderful effect mixed with the dark green Sencha leaves. Our palate captures a subtly astringent, pleasant spicy note, strongly reminiscent of Japanese Sencha. The cup colour is lemon yellow and the light green infusion presents a full, spicy aroma<\/p>\n<ul>\n<li style=\"list-style-type: none;\">\n<ul>\n<li><strong>Koostisosad \/ Ingredients: <\/strong><\/li>\n<li><strong>roheline tee Kukicha<\/strong><\/li>\n<li><\/li>\n<\/ul>\n<\/li>\n<li><strong>Ettevalmistus \/ Preparation<\/strong>:<\/li>\n<li>2 g \/ 200 ml umbes 90\u00b0C kuuma vett, infusiooniaeg 2 kuni 3 minutit<\/li>\n<li>2 g \/ 200 ml of about 90\u00b0 C hot water, 2 to 3 minutes infusion time.<\/li>\n<\/ul>","protected":false},"excerpt":{"rendered":"<p>Tootekirjeldus \/ Product Description: See Kukicha, mida peetakse Jaapanis v\u00e4ga populaarseks, kuid k\u00f5rgekvaliteediliseks teeks, on n\u00fc\u00fcd saadaval mahep\u00f5llumajanduslikult kasvatatud teena. Selle kvaliteedi saavutamiseks t\u00f6\u00f6deldakse peamiselt peeneid lehti ja segatakse Senchaga. \u00d5rnad helerohelised \u201cvarred\u201d loovad imelise efekti segatuna tumeroheliste Sencha lehtedega. Meie maitses on tunda peenelt kokkut\u00f5mbavat, meeldivat v\u00fcrtsikat nooti, mis meenutab tugevalt Jaapani Senchat. Tassi [&#8230;]\n","protected":false},"featured_media":1027,"comment_status":"open","ping_status":"closed","template":"","meta":[],"product_brand":[],"product_cat":[92,68],"product_tag":[],"class_list":{"0":"post-1026","1":"product","2":"type-product","3":"status-publish","4":"has-post-thumbnail","6":"product_cat-green-tea","7":"product_cat-tea","9":"first","10":"instock","11":"taxable","12":"shipping-taxable","13":"purchasable","14":"product-type-variable"},"_links":{"self":[{"href":"https:\/\/www.balticroad.eu\/et\/wp-json\/wp\/v2\/product\/1026","targetHints":{"allow":["GET"]}}],"collection":[{"href":"https:\/\/www.balticroad.eu\/et\/wp-json\/wp\/v2\/product"}],"about":[{"href":"https:\/\/www.balticroad.eu\/et\/wp-json\/wp\/v2\/types\/product"}],"replies":[{"embeddable":true,"href":"https:\/\/www.balticroad.eu\/et\/wp-json\/wp\/v2\/comments?post=1026"}],"wp:featuredmedia":[{"embeddable":true,"href":"https:\/\/www.balticroad.eu\/et\/wp-json\/wp\/v2\/media\/1027"}],"wp:attachment":[{"href":"https:\/\/www.balticroad.eu\/et\/wp-json\/wp\/v2\/media?parent=1026"}],"wp:term":[{"taxonomy":"product_brand","embeddable":true,"href":"https:\/\/www.balticroad.eu\/et\/wp-json\/wp\/v2\/product_brand?post=1026"},{"taxonomy":"product_cat","embeddable":true,"href":"https:\/\/www.balticroad.eu\/et\/wp-json\/wp\/v2\/product_cat?post=1026"},{"taxonomy":"product_tag","embeddable":true,"href":"https:\/\/www.balticroad.eu\/et\/wp-json\/wp\/v2\/product_tag?post=1026"}],"curies":[{"name":"wp","href":"https:\/\/api.w.org\/{rel}","templated":true}]}}