{"id":1024,"date":"2020-12-17T10:20:06","date_gmt":"2020-12-17T10:20:06","guid":{"rendered":"https:\/\/www.balticroad.eu\/?post_type=product&#038;p=1024"},"modified":"2025-06-20T14:15:57","modified_gmt":"2025-06-20T14:15:57","slug":"lapacho-pure","status":"publish","type":"product","link":"https:\/\/www.balticroad.eu\/et\/toode\/lapacho-pure\/","title":{"rendered":"Lapacho Pure"},"content":{"rendered":"<h2>Tootekirjeldus \/ Product Description:<\/h2>\n<p>Seda &#8221; tee &#8221; saadakse L\u00f5una-Ameerika punase lapacho puu sisemisest koorest. 13.\u201316. sajandil valitsenud inkad olevat juba kasutanud lapacho koort. Lapacho on loomulikult kofeiinivaba. \u00d5igesti valmistatuna meenutab meeldiv maitse veidi vaniljet. Lapachot tuleks nautida leigena v\u00f5i k\u00fclmana. Meie kvaliteet p\u00e4rineb Tecoma-Lapacho puu sisemisest koorest, mis on tuntud ka kui &#8220;Purple Lapacho Tree&#8221;, mis on v\u00e4lise koorega v\u00f5rreldes palju homogeensem ja eelk\u00f5ige v\u00e4hem tolmune ja maitselt magusam. T\u00e4nu oma meeldivalt mahedale aroomile, mis meenutab veidi vanilli v\u00f5i karamelli, on see tee v\u00e4ga populaarne. See sisaldab v\u00e4hem parkhapet ja ei sisalda kofeiini.<\/p>\n<p>This &#8216;tea&#8217; is obtained from the inner bark of the South American Red Lapacho tree. The Incas, who ruled from the 13th to the 16th century, are said to have already used lapacho bark. Lapacho is naturally caffeine-free. Properly prepared, the pleasant flavour is slightly reminiscent of vanilla. Lapacho should be enjoyed lukewarm or cold. Our quality is from the inner bark of the Tecoma-Lapacho tree, also known as \u201cPurple Lapacho Tree\u201d which \u2013 compared to the outer bark \u2013 is much more homogeneous and above all less dusty and sweeter in taste. Due to its pleasantly mild aroma which reminds a bit of vanilla or caramel this tea is very popular. It contains less tannic acid and no caffeine.<\/p>\n<ul>\n<li style=\"list-style-type: none;\">\n<ul>\n<li><\/li>\n<\/ul>\n<ul>\n<li><strong>Koostisained \/ Ingredients:<\/strong><\/li>\n<li>PUHAS LAPACHO<\/li>\n<li>Pure Lapacho<\/li>\n<li><\/li>\n<\/ul>\n<ul>\n<li><strong>Ettevalmistus \/ Preparation:<\/strong><\/li>\n<li>Pange 1 kuni 2 sl Lapacho koort \u00fchte liitrisse k\u00fclma vette. Kuumuta keemiseni, keeda 5 min.<br \/>\nja laske veel 10\u201315 minutit t\u00f5mmata<\/li>\n<li><\/li>\n<li>Put 1 to 2 tbs of Lapacho bark into one litre of cold water. Bring to a boil, simmer for 5 min.<br \/>\nand allow to brew for another 10 to 15 min.<\/li>\n<\/ul>\n<\/li>\n<\/ul>","protected":false},"excerpt":{"rendered":"<p>Tootekirjeldus \/ Product Description: Seda &#8221; tee &#8221; saadakse L\u00f5una-Ameerika punase lapacho puu sisemisest koorest. 13.\u201316. sajandil valitsenud inkad olevat juba kasutanud lapacho koort. Lapacho on loomulikult kofeiinivaba. \u00d5igesti valmistatuna meenutab meeldiv maitse veidi vaniljet. Lapachot tuleks nautida leigena v\u00f5i k\u00fclmana. Meie kvaliteet p\u00e4rineb Tecoma-Lapacho puu sisemisest koorest, mis on tuntud ka kui &#8220;Purple Lapacho [&#8230;]\n","protected":false},"featured_media":1025,"comment_status":"open","ping_status":"closed","template":"","meta":[],"product_brand":[],"product_cat":[93,68],"product_tag":[],"class_list":{"0":"post-1024","1":"product","2":"type-product","3":"status-publish","4":"has-post-thumbnail","6":"product_cat-herbal-teas-fruit-teas","7":"product_cat-tea","9":"first","10":"instock","11":"taxable","12":"shipping-taxable","13":"purchasable","14":"product-type-variable"},"_links":{"self":[{"href":"https:\/\/www.balticroad.eu\/et\/wp-json\/wp\/v2\/product\/1024","targetHints":{"allow":["GET"]}}],"collection":[{"href":"https:\/\/www.balticroad.eu\/et\/wp-json\/wp\/v2\/product"}],"about":[{"href":"https:\/\/www.balticroad.eu\/et\/wp-json\/wp\/v2\/types\/product"}],"replies":[{"embeddable":true,"href":"https:\/\/www.balticroad.eu\/et\/wp-json\/wp\/v2\/comments?post=1024"}],"wp:featuredmedia":[{"embeddable":true,"href":"https:\/\/www.balticroad.eu\/et\/wp-json\/wp\/v2\/media\/1025"}],"wp:attachment":[{"href":"https:\/\/www.balticroad.eu\/et\/wp-json\/wp\/v2\/media?parent=1024"}],"wp:term":[{"taxonomy":"product_brand","embeddable":true,"href":"https:\/\/www.balticroad.eu\/et\/wp-json\/wp\/v2\/product_brand?post=1024"},{"taxonomy":"product_cat","embeddable":true,"href":"https:\/\/www.balticroad.eu\/et\/wp-json\/wp\/v2\/product_cat?post=1024"},{"taxonomy":"product_tag","embeddable":true,"href":"https:\/\/www.balticroad.eu\/et\/wp-json\/wp\/v2\/product_tag?post=1024"}],"curies":[{"name":"wp","href":"https:\/\/api.w.org\/{rel}","templated":true}]}}