{"id":1022,"date":"2020-12-17T10:17:44","date_gmt":"2020-12-17T10:17:44","guid":{"rendered":"https:\/\/www.balticroad.eu\/?post_type=product&#038;p=1022"},"modified":"2026-02-06T11:11:10","modified_gmt":"2026-02-06T11:11:10","slug":"geisha-caramel","status":"publish","type":"product","link":"https:\/\/www.balticroad.eu\/et\/toode\/geisha-caramel\/","title":{"rendered":"MAHARANI green tea"},"content":{"rendered":"<h2>Tootekirjeldus \/ Product Description:<\/h2>\n<p>Greibi ja punaste marjade maitsete segu v\u00f5lub samaaegselt nii v\u00fcrtsikuse kui ka puuviljasusega.<\/p>\n<p>The mix of grapefruit and red berry flavour enchants with spiciness and fruitiness<\/p>\n<p>&nbsp;<\/p>\n<ul>\n<li style=\"list-style-type: none;\">\n<ul>\n<li><strong>Koostisosad \/ Ingredients:<\/strong><\/li>\n<li>roheline tee China Sencha (43%), must tee (43%), papaia t\u00fckid (7%), l\u00f5hna- ja maitseained, safloor<\/li>\n<li>green tea China Sencha (43%), black tea (43%), papaya pieces (7%), flavourings, safflowers<\/li>\n<li><\/li>\n<\/ul>\n<\/li>\n<\/ul>\n<ul>\n<li><strong>Ettevalmistus \/ Preparation<\/strong>:<\/li>\n<li>The water temperature should be about 90\u00b0 C and the infusion time should not exceed 2 to 3 minutes. As with all other green teas, it is also possible to infuse several times, depending on preference.<\/li>\n<li><\/li>\n<li>Vee temperatuur peaks olema umbes 90\u00b0C ja t\u00f5mmise aeg ei tohiks \u00fcletada 2\u20133 minutit. Nagu k\u00f5igi teiste roheliste teede puhul, on ka siin v\u00f5imalik t\u00f5mmist mitu korda teha, olenevalt eelistusest.<\/li>\n<\/ul>","protected":false},"excerpt":{"rendered":"<p>Tootekirjeldus \/ Product Description: Greibi ja punaste marjade maitsete segu v\u00f5lub samaaegselt nii v\u00fcrtsikuse kui ka puuviljasusega. The mix of grapefruit and red berry flavour enchants with spiciness and fruitiness &nbsp; Koostisosad \/ Ingredients: roheline tee China Sencha (43%), must tee (43%), papaia t\u00fckid (7%), l\u00f5hna- ja maitseained, safloor green tea China Sencha (43%), black [&#8230;]\n","protected":false},"featured_media":3138,"comment_status":"open","ping_status":"closed","template":"","meta":[],"product_brand":[],"product_cat":[80,68],"product_tag":[],"class_list":{"0":"post-1022","1":"product","2":"type-product","3":"status-publish","4":"has-post-thumbnail","6":"product_cat-flavoured-tea","7":"product_cat-tea","9":"first","10":"instock","11":"taxable","12":"shipping-taxable","13":"purchasable","14":"product-type-variable"},"_links":{"self":[{"href":"https:\/\/www.balticroad.eu\/et\/wp-json\/wp\/v2\/product\/1022","targetHints":{"allow":["GET"]}}],"collection":[{"href":"https:\/\/www.balticroad.eu\/et\/wp-json\/wp\/v2\/product"}],"about":[{"href":"https:\/\/www.balticroad.eu\/et\/wp-json\/wp\/v2\/types\/product"}],"replies":[{"embeddable":true,"href":"https:\/\/www.balticroad.eu\/et\/wp-json\/wp\/v2\/comments?post=1022"}],"wp:featuredmedia":[{"embeddable":true,"href":"https:\/\/www.balticroad.eu\/et\/wp-json\/wp\/v2\/media\/3138"}],"wp:attachment":[{"href":"https:\/\/www.balticroad.eu\/et\/wp-json\/wp\/v2\/media?parent=1022"}],"wp:term":[{"taxonomy":"product_brand","embeddable":true,"href":"https:\/\/www.balticroad.eu\/et\/wp-json\/wp\/v2\/product_brand?post=1022"},{"taxonomy":"product_cat","embeddable":true,"href":"https:\/\/www.balticroad.eu\/et\/wp-json\/wp\/v2\/product_cat?post=1022"},{"taxonomy":"product_tag","embeddable":true,"href":"https:\/\/www.balticroad.eu\/et\/wp-json\/wp\/v2\/product_tag?post=1022"}],"curies":[{"name":"wp","href":"https:\/\/api.w.org\/{rel}","templated":true}]}}