{"id":1004,"date":"2020-12-17T09:18:11","date_gmt":"2020-12-17T09:18:11","guid":{"rendered":"https:\/\/www.balticroad.eu\/?post_type=product&#038;p=1004"},"modified":"2025-06-20T14:21:09","modified_gmt":"2025-06-20T14:21:09","slug":"pure-energy-roheline-tee","status":"publish","type":"product","link":"https:\/\/www.balticroad.eu\/et\/toode\/pure-energy-roheline-tee\/","title":{"rendered":"&#8220;Pure Energy&#8221; Roheline Tee"},"content":{"rendered":"<h2>Tootekirjeldus \/ Product Description:<\/h2>\n<ul>\n<li style=\"list-style-type: none;\">\n<ul><!-- --><\/p>\n<li>Ananassi- ja virsikumaitseline roheline tee, ingveri, ananassi ja \u017een\u0161enni juure segutee<\/li>\n<li>Pineapple and Peach Flavoured Blend of Green Tea, Ginger, Pineapple and Ginseng Root<\/li>\n<li><\/li>\n<\/ul>\n<ul>\n<li><strong>Koostisosad \/ Ingredients:<\/strong><\/li>\n<li>Roheline tee Sencha 79%, ananassit\u00fckid, ingverit\u00fckid, \u017een\u0161enni juur, l\u00f5hna- ja maitseaine.<\/li>\n<li>Green tea Sencha 79%, pineapple pieces, ginger pieces, ginseng root, flavouring.<\/li>\n<\/ul>\n<\/li>\n<li><\/li>\n<\/ul>\n<ul>\n<li><strong>Ettevalmistus \/ Preparation<\/strong>:<\/li>\n<li>2 g \/ 200 ml umbes 90\u00b0C kuuma vett, infusiooniaeg 2 kuni 3 minutit<\/li>\n<li>2 g \/ 200 ml of about 90\u00b0 C hot water, 2 to 3 minutes infusion time.<\/li>\n<\/ul>","protected":false},"excerpt":{"rendered":"<p>Tootekirjeldus \/ Product Description: Ananassi- ja virsikumaitseline roheline tee, ingveri, ananassi ja \u017een\u0161enni juure segutee Pineapple and Peach Flavoured Blend of Green Tea, Ginger, Pineapple and Ginseng Root Koostisosad \/ Ingredients: Roheline tee Sencha 79%, ananassit\u00fckid, ingverit\u00fckid, \u017een\u0161enni juur, l\u00f5hna- ja maitseaine. Green tea Sencha 79%, pineapple pieces, ginger pieces, ginseng root, flavouring. Ettevalmistus \/ [&#8230;]\n","protected":false},"featured_media":1005,"comment_status":"open","ping_status":"closed","template":"","meta":[],"product_brand":[],"product_cat":[80,68],"product_tag":[],"class_list":{"0":"post-1004","1":"product","2":"type-product","3":"status-publish","4":"has-post-thumbnail","6":"product_cat-flavoured-tea","7":"product_cat-tea","9":"first","10":"instock","11":"taxable","12":"shipping-taxable","13":"purchasable","14":"product-type-variable"},"_links":{"self":[{"href":"https:\/\/www.balticroad.eu\/et\/wp-json\/wp\/v2\/product\/1004","targetHints":{"allow":["GET"]}}],"collection":[{"href":"https:\/\/www.balticroad.eu\/et\/wp-json\/wp\/v2\/product"}],"about":[{"href":"https:\/\/www.balticroad.eu\/et\/wp-json\/wp\/v2\/types\/product"}],"replies":[{"embeddable":true,"href":"https:\/\/www.balticroad.eu\/et\/wp-json\/wp\/v2\/comments?post=1004"}],"wp:featuredmedia":[{"embeddable":true,"href":"https:\/\/www.balticroad.eu\/et\/wp-json\/wp\/v2\/media\/1005"}],"wp:attachment":[{"href":"https:\/\/www.balticroad.eu\/et\/wp-json\/wp\/v2\/media?parent=1004"}],"wp:term":[{"taxonomy":"product_brand","embeddable":true,"href":"https:\/\/www.balticroad.eu\/et\/wp-json\/wp\/v2\/product_brand?post=1004"},{"taxonomy":"product_cat","embeddable":true,"href":"https:\/\/www.balticroad.eu\/et\/wp-json\/wp\/v2\/product_cat?post=1004"},{"taxonomy":"product_tag","embeddable":true,"href":"https:\/\/www.balticroad.eu\/et\/wp-json\/wp\/v2\/product_tag?post=1004"}],"curies":[{"name":"wp","href":"https:\/\/api.w.org\/{rel}","templated":true}]}}