{"id":1524,"date":"2021-02-09T10:59:49","date_gmt":"2021-02-09T10:59:49","guid":{"rendered":"https:\/\/www.balticroad.eu\/?page_id=1524"},"modified":"2021-03-26T21:21:05","modified_gmt":"2021-03-26T21:21:05","slug":"terms-and-conditions","status":"publish","type":"page","link":"https:\/\/www.balticroad.eu\/et\/terms-and-conditions\/","title":{"rendered":"Tingimused"},"content":{"rendered":"<p><strong>Tingimused<\/strong><\/p>\n<p><a href=\"https:\/\/www.balticroad.eu\/wp-content\/uploads\/2021\/03\/Tingimused_terms_and_conditions_eng.pdf\">Tingimused_terms_and_conditions_eng<\/a><\/p>\n<p>&nbsp;<\/p>\n<p>Tingimused<br><a href=\"https:\/\/www.balticroad.eu\/wp-content\/uploads\/2021\/03\/Allalaetavad-veebipoe-tingimused-PDF-formaadis.pdf\">Allalaetavad veebipoe tingimused PDF formaadis<\/a><\/p>\n<p>Veebipoe balticroad.eu (edaspidi Veebipood) omanik on Baltic Road O\u00dc (registrikood 12246835 ) asukohaga Vesse, 4 ( kauplus \/ ladu )<\/p>\n<p>M\u00fc\u00fcgilepingu kehtivus, kauba- ja hinnainfo<br>M\u00fc\u00fcgitingimused kehtivad Veebipoest kaupade ostmisel.<br>Veebipoes m\u00fc\u00fcdavate toodete hinnad on m\u00e4rgitud toodete juurde. Hinnale lisandub tasu kauba k\u00e4ttetoimetamise eest.<br>Kauba k\u00e4ttetoimetamise tasu s\u00f5ltub ostja asukohast ning k\u00e4ttetoimetamise viisist.<br>K\u00e4ttetoimetamise tasu kuvatakse ostjale tellimuse vormistamisel.<br>Teave kauba kohta on esitatud Veebipoes vahetult kauba juures.<\/p>\n<p>Tellimuse vormistamine<br>Kauba tellimiseks tuleb lisada soovitud tooted ostukorvi. Tellimuse vormistamiseks tuleb t\u00e4ita n\u00f5utud andmev\u00e4ljad ning valida sobiv toodete kohaletoimetamise viis. Seej\u00e4rel kuvatakse ekraanile tasu suurus, mille saab tasuda pangalingi kaudu v\u00f5i muu makselahenduse abil. Leping j\u00f5ustub alates tasumisele kuuluva summa laekumisest Veebipoe arvelduskontole.<br>Kui tellitud kaupa ei ole v\u00f5imalik tarnida seoses kauba l\u00f5ppemisega v\u00f5i muul p\u00f5hjusel, teavitatakse sellest ostjat esimesel v\u00f5imalusel ning tagastatakse tasutud raha (sh kauba<br>k\u00e4ttetoimetamise kulud) viivitamata, kuid mitte hiljem kui 14 p\u00e4eva jooksul teate saatmisest.<\/p>\n<p>Kohaletoimetamine<br>Kaupu saadetakse j\u00e4rgmistesse riikidesse: Eesti, Soome ja muu ( eelneva kokkulepega ).<br>Kauba saatmiskulud kannab ostja ning vastav hinnainfo on kuvatud saatmisviisi juures.<br>Eestisisesed saadetised j\u00f5uavad \u00fcldjuhul ostja m\u00e4\u00e4ratud sihtpunkti 3-7 t\u00f6\u00f6p\u00e4eva jooksul alates m\u00fc\u00fcgilepingu j\u00f5ustumist.<br>Erandlikel juhtumitel on \u00f5igus kaup kohale toimetada kuni 45 kalendrip\u00e4eva jooksul.<\/p>\n<p>Taganemis\u00f5igus<br>P\u00e4rast tellimuse k\u00e4ttesaamist on ostjal \u00f5igus e-poes s\u00f5lmitud lepingust taganeda 14 p\u00e4eva jooksul.<br>Taganemis\u00f5igus ei kohaldu, kui ostjaks on juriidiline isik.<br>14-p\u00e4evase tagastamis\u00f5iguse kasutamiseks ei tohi tellitud kaupa kasutada muul viisil kui on vajalik kauba olemuses, omadustes ja toimimises veendumiseks viisil nagu see on lubatud kauba testimiseks f\u00fc\u00fcsilises poes.<br>Kui kaupa on kasutatud muuks otstarbeks kui on vajalik kauba olemuses, omadustes ja toimimises veendumiseks v\u00f5i sellel on kasutamise v\u00f5i kulumise m\u00e4rke, on Veebipoel \u00f5igus<br>alandada tagastatavat tasu vastavalt kauba v\u00e4\u00e4rtuse v\u00e4henemisele.<br>Kauba tagastamiseks tuleb esitada kauba ostmisest taganemise avaldus, mille vormi leiab siit ning saata see e-posti aadressile info@balticroad.eu hiljemalt 14 p\u00e4eva jooksul kauba k\u00e4ttesaamisest.<br>Kauba tagastamise kulud kannab ostja, v\u00e4lja arvatud juhul, kui tagastamise p\u00f5hjus seisneb asjaolus, et tagastamisele kuuluv asi ei vasta tellitule (nt vale v\u00f5i defektiga asi).<br>Ostja peab kauba tagastama avalduse esitamisele j\u00e4rgneva 14 p\u00e4eva jooksul v\u00f5i esitama t\u00f5endi, et ta on eelnimetatud perioodi jooksul kauba \u00fcle andnud kauba vedajale.<br>Veebipood tagastab tagastatava kauba k\u00e4ttesaamisel ostjale viivitamata, kuid mitte hiljem kui 14 p\u00e4eva m\u00f6\u00f6dumisel arvates taganemisavalduse saamisest, k\u00f5ik ostjalt lepingu alusel saadud tasud.<br>Veebipood v\u00f5ib keelduda tagasimaksete tegemisest seni, kuni on lepingu esemeks oleva asja tagasi saanud v\u00f5i kuni ostja on esitanud t\u00f5endid, et on asja tagasi saatnud, s\u00f5ltuvalt sellest, kumb toimub varem.<br>Veebipoel on \u00f5igus taganeda m\u00fc\u00fcgitehingust ning n\u00f5uda ostjalt tagasi kaup, kui kauba hind veebipoes on eksituse t\u00f5ttu m\u00e4rgitud oluliselt alla kauba turuhinna.<\/p>\n<p>Pretensiooni esitamise \u00f5igus<br>Veebipood vastutab ostjale m\u00fc\u00fcdud kauba lepingutingimustele mittevastavuse v\u00f5i puuduse eest, mis oli olemas juba asja \u00fcleandmise hetkel ning mis ilmneb kuni kahe aasta jooksul, alates kauba<br>\u00fcleandmisest ostjale. Sellest esimese kuue kuu jooksul asja \u00fcleandmisest ostjale eeldatakse, et puudus oli olemas juba asja \u00fcleandmise ajal. Vastava eelduse \u00fcmberl\u00fckkamine on Veebipoe kohustus.<\/p>\n<p>Ostjal on \u00f5igus puuduse ilmnemisel p\u00f6\u00f6rduda hiljemalt kahe kuu jooksul veebipoe poole, saates ekirja aadressile info@balticroad.eu v\u00f5i helistada telefonil: +372 56217070<\/p>\n<p>Veebipood vastab tarbija esitatud kaebusele kirjalikult v\u00f5i kirjalikku taasesitamist v\u00f5imaldavas vormis 15 p\u00e4eva jooksul.<\/p>\n<p>Meeldetuletus tarbijale (V\u00d5S \u00a7 54 lg 1 p 18 s\u00e4testab, et tarbijale tuleb esitada lepingueelse teabena meeldetuletus, et tarbija saab lepingu eseme lepingutingimustele mittevastavuse korral tugineda seaduses s\u00e4testatud \u00f5iguskaitsevahenditele. Kaupleja peab lepingueelse teabena esitama meeldetuletuse, et tarbija saab lepingu eseme lepingutingimustele mittevastavuse korral tugineda seaduses s\u00e4testatud \u00f5iguskaitsevahenditele. V\u00d5S \u00a7 101 alusel, kui v\u00f5lgnik on kohustust rikkunud, v\u00f5ib v\u00f5lausaldaja kasutada j\u00e4rgnevaid \u00f5iguskaitsevahendeid: n\u00f5uda kohustuse t\u00e4itmist; oma v\u00f5lgnetava kohustuse t\u00e4itmisest keelduda; n\u00f5uda kahju h\u00fcvitamist; taganeda lepingust v\u00f5i \u00f6elda leping \u00fcles; alandada hinda; rahalise kohustuse t\u00e4itmisega viivitamise korral n\u00f5uda viivist (V\u00d5S \u00a7 101 lg 1 p 1-6).<\/p>\n<p>Otseturustus ja isikuandmete t\u00f6\u00f6tlemine<br>Veebipood kasutab ostja poolt sisestatud isikuandmeid (sh nimi, telefoninumber, aadress, e-maili aadress, pangarekvisiidid) ainult tellimuse t\u00f6\u00f6tlemiseks ning kauba ostjale saatmiseks. Veebipood edastab isikuandmeid veoteenust pakkuvale ettev\u00f5tetele selleks, et kohale toimetada kaupa. Veebipood saadab ostjale uudiskirju ning pakkumisi ostja e-maili aadressile ainult juhul, kui ostja on selleks avaldanud soovi sisestades veebilehel e-kirja aadressi ning andnud teada oma soovist otsepostituse teadete saamiseks. Ostjal on igal ajal v\u00f5imalik loobuda e-postile saadetavatest pakkumistest ja uudiskirjadest andes sellest meile teada e-kirja teel v\u00f5i j\u00e4rgides pakkumisi sisaldava e-kirjas toodud juhiseid. Vaidluste lahendamine Kui ostjal on Veebipoe osas pretensioone, tuleb need saata e-kirja aadressile helistada telefonil: v\u00f5i Kui ostja ja Veebipood ei suuda lahenda vaidlust kokkuleppe teel, siis on ostjal v\u00f5imalik p\u00f6\u00f6rduda Tarbijavaidluste komisjoni poole. Menetlustingimustega saab tutvuda ning avaldust esitada <a href=\"https:\/\/komisjon.ee\/et\">siin<\/a>.<\/p>\n<p>Tarbijavaidluste komisjoni p\u00e4devuses on lahendada ostja ja Veebipoe vahel s\u00f5lmitud lepingust tulenevaid vaidlusi. Ostja kaebuse l\u00e4bivaatamine komisjonis on tasuta. Ostja v\u00f5ib p\u00f6\u00f6rduda Euroopa Liidu tarbijavaidlusi lahendava platvormi poole <a href=\"https:\/\/ec.europa.eu\/consumers\/odr\/main\/index.cfm?event=main.home2.show&amp;lng=ET\">siit<\/a>.<\/p>\n<p>Ettev\u00f5tte registrikood 12246835 ja KMKR nr EE101524388<\/p>\n<p>&nbsp;<\/p>\n<p><strong>Tingimused<\/strong><\/p>\n<p><a href=\"https:\/\/www.balticroad.eu\/wp-content\/uploads\/2021\/03\/Tingimused_terms_and_conditions_eng.pdf\">Tingimused_terms_and_conditions_eng<\/a><\/p>\n<p>&nbsp;<\/p>\n\n\t<section class=\"section\" id=\"section_869564493\">\n\t\t<div class=\"section-bg fill\" >\n\t\t\t\t\t\t\t\t\t\n\t\t\t\n\n\t\t<\/div>\n\n\t\t\n\n\t\t<div class=\"section-content relative\">\n\t\t\t\n\n\n\t\t<\/div>\n\n\t\t\n<style>\n#section_869564493 {\n  padding-top: 30px;\n  padding-bottom: 30px;\n}\n<\/style>\n\t<\/section>\n\t\n\n\n\n<p><\/p>","protected":false},"excerpt":{"rendered":"","protected":false},"author":2,"featured_media":0,"parent":0,"menu_order":0,"comment_status":"closed","ping_status":"closed","template":"","meta":{"footnotes":""},"class_list":["post-1524","page","type-page","status-publish","hentry"],"_links":{"self":[{"href":"https:\/\/www.balticroad.eu\/et\/wp-json\/wp\/v2\/pages\/1524","targetHints":{"allow":["GET"]}}],"collection":[{"href":"https:\/\/www.balticroad.eu\/et\/wp-json\/wp\/v2\/pages"}],"about":[{"href":"https:\/\/www.balticroad.eu\/et\/wp-json\/wp\/v2\/types\/page"}],"author":[{"embeddable":true,"href":"https:\/\/www.balticroad.eu\/et\/wp-json\/wp\/v2\/users\/2"}],"replies":[{"embeddable":true,"href":"https:\/\/www.balticroad.eu\/et\/wp-json\/wp\/v2\/comments?post=1524"}],"version-history":[{"count":14,"href":"https:\/\/www.balticroad.eu\/et\/wp-json\/wp\/v2\/pages\/1524\/revisions"}],"predecessor-version":[{"id":1799,"href":"https:\/\/www.balticroad.eu\/et\/wp-json\/wp\/v2\/pages\/1524\/revisions\/1799"}],"wp:attachment":[{"href":"https:\/\/www.balticroad.eu\/et\/wp-json\/wp\/v2\/media?parent=1524"}],"curies":[{"name":"wp","href":"https:\/\/api.w.org\/{rel}","templated":true}]}}